{"id":2438,"date":"2024-02-28T17:14:49","date_gmt":"2024-02-28T20:14:49","guid":{"rendered":"https:\/\/carmesi.com.py\/?post_type=product&#038;p=2438"},"modified":"2024-02-28T17:19:44","modified_gmt":"2024-02-28T20:19:44","slug":"cuaderno-celeste","status":"publish","type":"product","link":"https:\/\/carmesi.com.py\/?product=cuaderno-celeste","title":{"rendered":"Cuaderno celeste"},"content":{"rendered":"<p>Contiene 70 hojas de una raya de 90gr., tama\u00f1o A4.<\/p>\n<p>Tapas blandas con pl\u00e1stico.<\/p>\n<p>Contiene una car\u00e1tula donde pod\u00e9s colocar tus datos personales (\u00fatiles para los casos de extrav\u00edo) y secciones especiales para tener registradas las actis de la materia.<\/p>\n<p>Como todo lo que hacemos, este cuaderno es manufacturado con amor en Paraguay \u2661<\/p>\n","protected":false},"excerpt":{"rendered":"<p>Cuaderno de una raya<\/p>\n","protected":false},"featured_media":2425,"template":"elementor_theme","meta":{"_eb_attr":"","jetpack_post_was_ever_published":false,"_joinchat":[]},"product_cat":[120],"product_tag":[],"jetpack_sharing_enabled":true,"_links":{"self":[{"href":"https:\/\/carmesi.com.py\/index.php?rest_route=\/wp\/v2\/product\/2438"}],"collection":[{"href":"https:\/\/carmesi.com.py\/index.php?rest_route=\/wp\/v2\/product"}],"about":[{"href":"https:\/\/carmesi.com.py\/index.php?rest_route=\/wp\/v2\/types\/product"}],"version-history":[{"count":1,"href":"https:\/\/carmesi.com.py\/index.php?rest_route=\/wp\/v2\/product\/2438\/revisions"}],"predecessor-version":[{"id":2439,"href":"https:\/\/carmesi.com.py\/index.php?rest_route=\/wp\/v2\/product\/2438\/revisions\/2439"}],"wp:featuredmedia":[{"embeddable":true,"href":"https:\/\/carmesi.com.py\/index.php?rest_route=\/wp\/v2\/media\/2425"}],"wp:attachment":[{"href":"https:\/\/carmesi.com.py\/index.php?rest_route=%2Fwp%2Fv2%2Fmedia&parent=2438"}],"wp:term":[{"taxonomy":"product_cat","embeddable":true,"href":"https:\/\/carmesi.com.py\/index.php?rest_route=%2Fwp%2Fv2%2Fproduct_cat&post=2438"},{"taxonomy":"product_tag","embeddable":true,"href":"https:\/\/carmesi.com.py\/index.php?rest_route=%2Fwp%2Fv2%2Fproduct_tag&post=2438"}],"curies":[{"name":"wp","href":"https:\/\/api.w.org\/{rel}","templated":true}]}}