{"id":2312,"date":"2023-12-09T12:00:35","date_gmt":"2023-12-09T15:00:35","guid":{"rendered":"https:\/\/carmesi.com.py\/?post_type=product&#038;p=2312"},"modified":"2024-02-28T14:18:51","modified_gmt":"2024-02-28T17:18:51","slug":"anotador-marron","status":"publish","type":"product","link":"https:\/\/carmesi.com.py\/?product=anotador-marron","title":{"rendered":"Anotador marr\u00f3n"},"content":{"rendered":"<p>Anotador de tapa dura forrada con cuerina.<br \/>\nTiene 100 hojas de una raya de 70gr.<br \/>\nDimensiones: 19cm x 13,5cm, espesor de 1,5cm.<\/p>\n<p>Va a ser tu fiel compa\u00f1ero del d\u00eda a d\u00eda, as\u00ed los uses como agenda, en el trabajo para tomar notas de reuniones y mucho m\u00e1s. Son pr\u00e1cticos y elegantes.<\/p>\n<p>Est\u00e1 hecho con amor\u00a0en\u00a0Paraguay\u00a0\u2661<\/p>\n","protected":false},"excerpt":{"rendered":"<p>Anotador de tapa dura forrada con cuerina.<\/p>\n","protected":false},"featured_media":2313,"template":"elementor_theme","meta":{"_eb_attr":"","jetpack_post_was_ever_published":false,"_joinchat":[]},"product_cat":[112],"product_tag":[],"jetpack_sharing_enabled":true,"_links":{"self":[{"href":"https:\/\/carmesi.com.py\/index.php?rest_route=\/wp\/v2\/product\/2312"}],"collection":[{"href":"https:\/\/carmesi.com.py\/index.php?rest_route=\/wp\/v2\/product"}],"about":[{"href":"https:\/\/carmesi.com.py\/index.php?rest_route=\/wp\/v2\/types\/product"}],"version-history":[{"count":1,"href":"https:\/\/carmesi.com.py\/index.php?rest_route=\/wp\/v2\/product\/2312\/revisions"}],"predecessor-version":[{"id":2314,"href":"https:\/\/carmesi.com.py\/index.php?rest_route=\/wp\/v2\/product\/2312\/revisions\/2314"}],"wp:featuredmedia":[{"embeddable":true,"href":"https:\/\/carmesi.com.py\/index.php?rest_route=\/wp\/v2\/media\/2313"}],"wp:attachment":[{"href":"https:\/\/carmesi.com.py\/index.php?rest_route=%2Fwp%2Fv2%2Fmedia&parent=2312"}],"wp:term":[{"taxonomy":"product_cat","embeddable":true,"href":"https:\/\/carmesi.com.py\/index.php?rest_route=%2Fwp%2Fv2%2Fproduct_cat&post=2312"},{"taxonomy":"product_tag","embeddable":true,"href":"https:\/\/carmesi.com.py\/index.php?rest_route=%2Fwp%2Fv2%2Fproduct_tag&post=2312"}],"curies":[{"name":"wp","href":"https:\/\/api.w.org\/{rel}","templated":true}]}}