{"id":9,"date":"2023-11-25T17:07:54","date_gmt":"2023-11-25T16:07:54","guid":{"rendered":"http:\/\/carmesi.com.py\/index.php\/my-account\/"},"modified":"2023-11-27T15:19:12","modified_gmt":"2023-11-27T14:19:12","slug":"mi-cuenta","status":"publish","type":"page","link":"https:\/\/carmesi.com.py\/?page_id=9","title":{"rendered":"Mi cuenta"},"content":{"rendered":"<div class=\"woocommerce\"><div class=\"woocommerce-notices-wrapper\"><\/div>\n\n<div class=\"u-columns col2-set\" id=\"customer_login\">\n\n\t<div class=\"u-column1 col-1\">\n\n\n\t\t<h2>Acceder<\/h2>\n\n\t\t<form class=\"woocommerce-form woocommerce-form-login login\" method=\"post\">\n\n\t\t\t\t\t<div id=\"wp-login-google-login-button\">\n\t\t\t<div class=\"g_id_signin\"\n\t\t\t\tdata-type=\"standard\"\n\t\t\t\tdata-shape=\"rectangular\"\n\t\t\t\tdata-theme=\"outline\"\n\t\t\t\tdata-text=\"continue_with\"\n\t\t\t\tdata-size=\"large\"\n\t\t\t\tdata-logo_alignment=\"center\"\n\t\t\t\tdata-width=\"270\">\n\t\t\t<\/div>\n\t\t\t<div style=\"text-align: center; margin: 10px 0;\">Or<\/div>\n\t\t<\/div>\n\t\t\n\t\t\t<p class=\"woocommerce-form-row woocommerce-form-row--wide form-row form-row-wide\">\n\t\t\t\t<label for=\"username\">Nombre de usuario o correo electr\u00f3nico&nbsp;<span class=\"required\">*<\/span><\/label>\n\t\t\t\t<input type=\"text\" class=\"woocommerce-Input woocommerce-Input--text input-text\" name=\"username\" id=\"username\" autocomplete=\"username\" value=\"\" \/>\t\t\t<\/p>\n\t\t\t<p class=\"woocommerce-form-row woocommerce-form-row--wide form-row form-row-wide\">\n\t\t\t\t<label for=\"password\">Contrase\u00f1a&nbsp;<span class=\"required\">*<\/span><\/label>\n\t\t\t\t<input class=\"woocommerce-Input woocommerce-Input--text input-text\" type=\"password\" name=\"password\" id=\"password\" autocomplete=\"current-password\" \/>\n\t\t\t<\/p>\n\n\t\t\t\n\t\t\t<p class=\"form-row\">\n\t\t\t\t<label class=\"woocommerce-form__label woocommerce-form__label-for-checkbox woocommerce-form-login__rememberme\">\n\t\t\t\t\t<input class=\"woocommerce-form__input woocommerce-form__input-checkbox\" name=\"rememberme\" type=\"checkbox\" id=\"rememberme\" value=\"forever\" \/> <span>Recu\u00e9rdame<\/span>\n\t\t\t\t<\/label>\n\t\t\t\t<input type=\"hidden\" id=\"woocommerce-login-nonce\" name=\"woocommerce-login-nonce\" value=\"ef3d334724\" \/><input type=\"hidden\" name=\"_wp_http_referer\" value=\"\/index.php?rest_route=%2Fwp%2Fv2%2Fpages%2F9\" \/>\t\t\t\t<button type=\"submit\" class=\"woocommerce-button button woocommerce-form-login__submit\" name=\"login\" value=\"Acceso\">Acceso<\/button>\n\t\t\t<\/p>\n\t\t\t<p class=\"woocommerce-LostPassword lost_password\">\n\t\t\t\t<a href=\"https:\/\/carmesi.com.py\/?page_id=9&#038;lost-password\">\u00bfOlvidaste la contrase\u00f1a?<\/a>\n\t\t\t<\/p>\n\n\t\t\t\n\t\t<\/form>\n\n\n\t<\/div>\n\n\t<div class=\"u-column2 col-2\">\n\n\t\t<h2>Registrarse<\/h2>\n\n\t\t<form method=\"post\" class=\"woocommerce-form woocommerce-form-register register\"  >\n\n\t\t\t\n\t\t\t\n\t\t\t<p class=\"woocommerce-form-row woocommerce-form-row--wide form-row form-row-wide\">\n\t\t\t\t<label for=\"reg_email\">Direcci\u00f3n de correo electr\u00f3nico&nbsp;<span class=\"required\">*<\/span><\/label>\n\t\t\t\t<input type=\"email\" class=\"woocommerce-Input woocommerce-Input--text input-text\" name=\"email\" id=\"reg_email\" autocomplete=\"email\" value=\"\" \/>\t\t\t<\/p>\n\n\t\t\t\n\t\t\t\t<p>Se enviar\u00e1 un enlace a tu direcci\u00f3n de correo electr\u00f3nico para establecer una nueva contrase\u00f1a.<\/p>\n\n\t\t\t\n\t\t\t<div class=\"woocommerce-privacy-policy-text\"><p>Sus datos personales se utilizar\u00e1n para respaldar su experiencia en este sitio web, para administrar el acceso a su cuenta y para otros fines descritos en nuestra <a href=\"https:\/\/carmesi.com.py\/?page_id=683\" class=\"woocommerce-privacy-policy-link\" target=\"_blank\">pol\u00edtica de privacidad<\/a>.<\/p>\n<\/div>\n\t\t\t<p class=\"woocommerce-form-row form-row\">\n\t\t\t\t<input type=\"hidden\" id=\"woocommerce-register-nonce\" name=\"woocommerce-register-nonce\" value=\"78f7e876c3\" \/><input type=\"hidden\" name=\"_wp_http_referer\" value=\"\/index.php?rest_route=%2Fwp%2Fv2%2Fpages%2F9\" \/>\t\t\t\t<button type=\"submit\" class=\"woocommerce-Button woocommerce-button button woocommerce-form-register__submit\" name=\"register\" value=\"Registrarse\">Registrarse<\/button>\n\t\t\t<\/p>\n\n\t\t\t\n\t\t<\/form>\n\n\t<\/div>\n\n<\/div>\n\n<\/div>\n","protected":false},"excerpt":{"rendered":"","protected":false},"author":1,"featured_media":0,"parent":0,"menu_order":0,"comment_status":"closed","ping_status":"closed","template":"","meta":{"_eb_attr":"","jetpack_post_was_ever_published":false,"footnotes":"","_joinchat":[]},"post-meta":{"_edit_last":["1"],"_wp_page_template":["default"],"_edit_lock":["1701481744:1"],"_eb_reusable_block_ids":["a:0:{}"],"_last_editor_used_jetpack":["block-editor"],"_elementor_edit_mode":["builder"],"_elementor_template_type":["wp-page"],"_elementor_version":["3.17.3"],"_elementor_css":["a:7:{s:4:\"time\";i:1701482799;s:5:\"fonts\";a:0:{}s:5:\"icons\";a:0:{}s:20:\"dynamic_elements_ids\";a:0:{}s:6:\"status\";s:5:\"empty\";i:0;s:0:\"\";s:3:\"css\";s:0:\"\";}"]},"jetpack_sharing_enabled":true,"_links":{"self":[{"href":"https:\/\/carmesi.com.py\/index.php?rest_route=\/wp\/v2\/pages\/9"}],"collection":[{"href":"https:\/\/carmesi.com.py\/index.php?rest_route=\/wp\/v2\/pages"}],"about":[{"href":"https:\/\/carmesi.com.py\/index.php?rest_route=\/wp\/v2\/types\/page"}],"author":[{"embeddable":true,"href":"https:\/\/carmesi.com.py\/index.php?rest_route=\/wp\/v2\/users\/1"}],"replies":[{"embeddable":true,"href":"https:\/\/carmesi.com.py\/index.php?rest_route=%2Fwp%2Fv2%2Fcomments&post=9"}],"version-history":[{"count":1,"href":"https:\/\/carmesi.com.py\/index.php?rest_route=\/wp\/v2\/pages\/9\/revisions"}],"predecessor-version":[{"id":1782,"href":"https:\/\/carmesi.com.py\/index.php?rest_route=\/wp\/v2\/pages\/9\/revisions\/1782"}],"wp:attachment":[{"href":"https:\/\/carmesi.com.py\/index.php?rest_route=%2Fwp%2Fv2%2Fmedia&parent=9"}],"curies":[{"name":"wp","href":"https:\/\/api.w.org\/{rel}","templated":true}]}}