{"id":683,"date":"2018-10-16T03:29:44","date_gmt":"2018-10-16T03:29:44","guid":{"rendered":"https:\/\/woostify.com\/demos\/fashion1\/?page_id=3"},"modified":"2023-11-28T23:59:26","modified_gmt":"2023-11-28T22:59:26","slug":"politica-privacidad","status":"publish","type":"page","link":"https:\/\/carmesi.com.py\/?page_id=683","title":{"rendered":"Pol\u00edtica de privacidad"},"content":{"rendered":"\n<div class=\"wp-block-group is-layout-constrained wp-block-group-is-layout-constrained\"><div class=\"wp-block-group__inner-container\">\n<div class=\"wp-block-columns is-layout-flex wp-container-core-columns-layout-1 wp-block-columns-is-layout-flex\">\n<div class=\"wp-block-column is-layout-flow wp-block-column-is-layout-flow\">\n<h2 class=\"wp-block-heading\">Qui\u00e9nes somos<\/h2>\n\n\n\n<p>La direcci\u00f3n de nuestra web es: https:\/\/carmesi.com.py.<\/p>\n\n\n\n<h2 class=\"wp-block-heading\">Comentarios<\/h2>\n\n\n\n<p>Cuando los visitantes dejan comentarios en la web, recopilamos los datos que se muestran en el formulario de comentarios, as\u00ed como la direcci\u00f3n IP del visitante y la cadena de agentes de usuario del navegador para ayudar a la detecci\u00f3n de spam.<\/p>\n\n\n\n<p>Una cadena an\u00f3nima creada a partir de tu direcci\u00f3n de correo electr\u00f3nico (tambi\u00e9n llamada hash) puede ser proporcionada al servicio de Gravatar para ver si la est\u00e1s usando. La pol\u00edtica de privacidad del servicio Gravatar est\u00e1 disponible aqu\u00ed: https:\/\/automattic.com\/privacy\/. Despu\u00e9s de la aprobaci\u00f3n de tu comentario, la imagen de tu perfil es visible para el p\u00fablico en el contexto de tu comentario.<\/p>\n\n\n\n<h2 class=\"wp-block-heading\">Medios<\/h2>\n\n\n\n<p>Si subes im\u00e1genes a la web, deber\u00edas evitar subir im\u00e1genes con datos de ubicaci\u00f3n (GPS EXIF) incluidos. Los visitantes de la web pueden descargar y extraer cualquier dato de ubicaci\u00f3n de las im\u00e1genes de la web.<\/p>\n\n\n\n<h2 class=\"wp-block-heading\">Cookies<\/h2>\n\n\n\n<p>Si dejas un comentario en nuestro sitio puedes elegir guardar tu nombre, direcci\u00f3n de correo electr\u00f3nico y web en cookies. Esto es para tu comodidad, para que no tengas que volver a rellenar tus datos cuando dejes otro comentario. Estas cookies tendr\u00e1n una duraci\u00f3n de un a\u00f1o.<\/p>\n\n\n\n<p>Si tienes una cuenta y te conectas a este sitio, instalaremos una cookie temporal para determinar si tu navegador acepta cookies. Esta cookie no contiene datos personales y se elimina al cerrar el navegador.<\/p>\n\n\n\n<p>Cuando accedas, tambi\u00e9n instalaremos varias cookies para guardar tu informaci\u00f3n de acceso y tus opciones de visualizaci\u00f3n de pantalla. Las cookies de acceso duran dos d\u00edas, y las cookies de opciones de pantalla duran un a\u00f1o. Si seleccionas \u00abRecu\u00e9rdarme\u00bb, tu acceso perdurar\u00e1 durante dos semanas. Si sales de tu cuenta, las cookies de acceso se eliminar\u00e1n.<\/p>\n\n\n\n<p>Si editas o publicas un art\u00edculo se guardar\u00e1 una cookie adicional en tu navegador. Esta cookie no incluye datos personales y simplemente indica el ID del art\u00edculo que acabas de editar. Caduca despu\u00e9s de 1 d\u00eda.<\/p>\n\n\n\n<h2 class=\"wp-block-heading\">Contenido incrustado de otros sitios web<\/h2>\n\n\n\n<p>Los art\u00edculos de este sitio pueden incluir contenido incrustado (por ejemplo, v\u00eddeos, im\u00e1genes, art\u00edculos, etc.). El contenido incrustado de otras webs se comporta exactamente de la misma manera que si el visitante hubiera visitado la otra web.<\/p>\n\n\n\n<p>Estas web pueden recopilar datos sobre ti, utilizar cookies, incrustar un seguimiento adicional de terceros, y supervisar tu interacci\u00f3n con ese contenido incrustado, incluido el seguimiento de tu interacci\u00f3n con el contenido incrustado si tienes una cuenta y est\u00e1s conectado a esa web.<\/p>\n\n\n\n<h2 class=\"wp-block-heading\">Con qui\u00e9n compartimos tus datos<\/h2>\n\n\n\n<p>Si solicitas un restablecimiento de contrase\u00f1a, tu direcci\u00f3n IP ser\u00e1 incluida en el correo electr\u00f3nico de restablecimiento.<\/p>\n\n\n\n<h2 class=\"wp-block-heading\">Cu\u00e1nto tiempo conservamos tus datos<\/h2>\n\n\n\n<p>Si dejas un comentario, el comentario y sus metadatos se conservan indefinidamente. Esto es para que podamos reconocer y aprobar comentarios sucesivos autom\u00e1ticamente, en lugar de mantenerlos en una cola de moderaci\u00f3n.<\/p>\n\n\n\n<p>De los usuarios que se registran en nuestra web (si los hay), tambi\u00e9n almacenamos la informaci\u00f3n personal que proporcionan en su perfil de usuario. Todos los usuarios pueden ver, editar o eliminar su informaci\u00f3n personal en cualquier momento (excepto que no pueden cambiar su nombre de usuario). Los administradores de la web tambi\u00e9n pueden ver y editar esa informaci\u00f3n.<\/p>\n\n\n\n<h2 class=\"wp-block-heading\">Qu\u00e9 derechos tienes sobre tus datos<\/h2>\n\n\n\n<p>Si tienes una cuenta o has dejado comentarios en esta web, puedes solicitar recibir un archivo de exportaci\u00f3n de los datos personales que tenemos sobre ti, incluyendo cualquier dato que nos hayas proporcionado. Tambi\u00e9n puedes solicitar que eliminemos cualquier dato personal que tengamos sobre ti. Esto no incluye ning\u00fan dato que estemos obligados a conservar con fines administrativos, legales o de seguridad.<\/p>\n\n\n\n<h2 class=\"wp-block-heading\">D\u00f3nde se env\u00edan tus datos<\/h2>\n\n\n\n<p>Los comentarios de los visitantes puede que los revise un servicio de detecci\u00f3n autom\u00e1tica de spam.<\/p>\n<\/div>\n<\/div>\n<\/div><\/div>\n\n\n\n<p><\/p>\n","protected":false},"excerpt":{"rendered":"<p>Qui\u00e9nes somos La direcci\u00f3n de nuestra web es: https:\/\/carmesi.com.py. Comentarios Cuando los visitantes dejan comentarios en la web, recopilamos los&#8230;<\/p>\n","protected":false},"author":1,"featured_media":0,"parent":0,"menu_order":0,"comment_status":"closed","ping_status":"closed","template":"elementor_theme","meta":{"_eb_attr":"","jetpack_post_was_ever_published":false,"footnotes":"","_joinchat":[]},"post-meta":{"_elementor_controls_usage":["a:0:{}"],"_wp_page_template":["elementor_theme"],"_wxr_import_user_slug":["woostify","woostify","woostify","woostify","carmesi.com.py"],"_edit_last":["1"],"_edit_lock":["1701214311:1"],"_last_editor_used_jetpack":["block-editor"],"site-container":["default"],"site-header-transparent":["default"],"site-page-header":["default"],"site-sidebar":["default"],"_eb_reusable_block_ids":["a:0:{}"],"_wp_suggested_privacy_policy_content":["a:3:{s:11:\"plugin_name\";s:9:\"WordPress\";s:11:\"policy_text\";s:4751:\"<h2>Qui\u00e9nes somos<\/h2><p><strong class=\"privacy-policy-tutorial\">Texto sugerido: <\/strong>La direcci\u00f3n de nuestra web es: https:\/\/carmesi.com.py.<\/p><h2>Comentarios<\/h2><p><strong class=\"privacy-policy-tutorial\">Texto sugerido: <\/strong>Cuando los visitantes dejan comentarios en la web, recopilamos los datos que se muestran en el formulario de comentarios, as\u00ed como la direcci\u00f3n IP del visitante y la cadena de agentes de usuario del navegador para ayudar a la detecci\u00f3n de spam.<\/p><p>Una cadena an\u00f3nima creada a partir de tu direcci\u00f3n de correo electr\u00f3nico (tambi\u00e9n llamada hash) puede ser proporcionada al servicio de Gravatar para ver si la est\u00e1s usando. La pol\u00edtica de privacidad del servicio Gravatar est\u00e1 disponible aqu\u00ed: https:\/\/automattic.com\/privacy\/. Despu\u00e9s de la aprobaci\u00f3n de tu comentario, la imagen de tu perfil es visible para el p\u00fablico en el contexto de tu comentario.<\/p><h2>Medios<\/h2><p><strong class=\"privacy-policy-tutorial\">Texto sugerido: <\/strong>Si subes im\u00e1genes a la web, deber\u00edas evitar subir im\u00e1genes con datos de ubicaci\u00f3n (GPS EXIF) incluidos. Los visitantes de la web pueden descargar y extraer cualquier dato de ubicaci\u00f3n de las im\u00e1genes de la web.<\/p><h2>Cookies<\/h2><p><strong class=\"privacy-policy-tutorial\">Texto sugerido: <\/strong>Si dejas un comentario en nuestro sitio puedes elegir guardar tu nombre, direcci\u00f3n de correo electr\u00f3nico y web en cookies. Esto es para tu comodidad, para que no tengas que volver a rellenar tus datos cuando dejes otro comentario. Estas cookies tendr\u00e1n una duraci\u00f3n de un a\u00f1o.<\/p><p>Si tienes una cuenta y te conectas a este sitio, instalaremos una cookie temporal para determinar si tu navegador acepta cookies. Esta cookie no contiene datos personales y se elimina al cerrar el navegador.<\/p><p>Cuando accedas, tambi\u00e9n instalaremos varias cookies para guardar tu informaci\u00f3n de acceso y tus opciones de visualizaci\u00f3n de pantalla. Las cookies de acceso duran dos d\u00edas, y las cookies de opciones de pantalla duran un a\u00f1o. Si seleccionas \u00abRecu\u00e9rdarme\u00bb, tu acceso perdurar\u00e1 durante dos semanas. Si sales de tu cuenta, las cookies de acceso se eliminar\u00e1n.<\/p><p>Si editas o publicas un art\u00edculo se guardar\u00e1 una cookie adicional en tu navegador. Esta cookie no incluye datos personales y simplemente indica el ID del art\u00edculo que acabas de editar. Caduca despu\u00e9s de 1 d\u00eda.<\/p><h2>Contenido incrustado de otros sitios web<\/h2><p><strong class=\"privacy-policy-tutorial\">Texto sugerido: <\/strong>Los art\u00edculos de este sitio pueden incluir contenido incrustado (por ejemplo, v\u00eddeos, im\u00e1genes, art\u00edculos, etc.). El contenido incrustado de otras webs se comporta exactamente de la misma manera que si el visitante hubiera visitado la otra web.<\/p><p>Estas web pueden recopilar datos sobre ti, utilizar cookies, incrustar un seguimiento adicional de terceros, y supervisar tu interacci\u00f3n con ese contenido incrustado, incluido el seguimiento de tu interacci\u00f3n con el contenido incrustado si tienes una cuenta y est\u00e1s conectado a esa web.<\/p><h2>Con qui\u00e9n compartimos tus datos<\/h2><p><strong class=\"privacy-policy-tutorial\">Texto sugerido: <\/strong>Si solicitas un restablecimiento de contrase\u00f1a, tu direcci\u00f3n IP ser\u00e1 incluida en el correo electr\u00f3nico de restablecimiento.<\/p><h2>Cu\u00e1nto tiempo conservamos tus datos<\/h2><p><strong class=\"privacy-policy-tutorial\">Texto sugerido: <\/strong>Si dejas un comentario, el comentario y sus metadatos se conservan indefinidamente. Esto es para que podamos reconocer y aprobar comentarios sucesivos autom\u00e1ticamente, en lugar de mantenerlos en una cola de moderaci\u00f3n.<\/p><p>De los usuarios que se registran en nuestra web (si los hay), tambi\u00e9n almacenamos la informaci\u00f3n personal que proporcionan en su perfil de usuario. Todos los usuarios pueden ver, editar o eliminar su informaci\u00f3n personal en cualquier momento (excepto que no pueden cambiar su nombre de usuario). Los administradores de la web tambi\u00e9n pueden ver y editar esa informaci\u00f3n.<\/p><h2>Qu\u00e9 derechos tienes sobre tus datos<\/h2><p><strong class=\"privacy-policy-tutorial\">Texto sugerido: <\/strong>Si tienes una cuenta o has dejado comentarios en esta web, puedes solicitar recibir un archivo de exportaci\u00f3n de los datos personales que tenemos sobre ti, incluyendo cualquier dato que nos hayas proporcionado. Tambi\u00e9n puedes solicitar que eliminemos cualquier dato personal que tengamos sobre ti. Esto no incluye ning\u00fan dato que estemos obligados a conservar con fines administrativos, legales o de seguridad.<\/p><h2>D\u00f3nde se env\u00edan tus datos<\/h2><p><strong class=\"privacy-policy-tutorial\">Texto sugerido: <\/strong>Los comentarios de los visitantes puede que los revise un servicio de detecci\u00f3n autom\u00e1tica de spam.<\/p>\";s:5:\"added\";i:1701475803;}","a:3:{s:11:\"plugin_name\";s:12:\"Activity Log\";s:11:\"policy_text\";s:131:\"<p>Si eres un usuario registrado, guardamos la actividad de tu contenido, como crear\/actualizar\/borrar entradas y comentarios.<\/p>\n\";s:5:\"added\";i:1701475803;}","a:3:{s:11:\"plugin_name\";s:11:\"WooCommerce\";s:11:\"policy_text\";s:4589:\"<div class=\"wp-suggested-text\"><p class=\"privacy-policy-tutorial\">Este texto de muestra incluye los b\u00e1sicos sobre qu\u00e9 datos personales recopila, almacena y comparte tu tienda, as\u00ed como qui\u00e9n tiene acceso a esos datos. Dependiendo de qu\u00e9 ajustes est\u00e9n activos y qu\u00e9 plugins adicionales se use, la informaci\u00f3n espec\u00edfica compartida por tu tienda puede variar. Te recomendamos que consultes a un abogado para decidir qu\u00e9 informaci\u00f3n mostrar en tu pol\u00edtica de privacidad.<\/p><p>Recopilamos informaci\u00f3n tuya durante el proceso de pago en nuestra tienda.<\/p><h2>Lo que recopilamos y almacenamos<\/h2><p>Mientras visitas nuestro sitio realizaremos el seguimiento de:<\/p><ul><li>Productos que has visto: Los usaremos para, por ejemplo, mostrarte los productos que has visto recientemente<\/li><li>Ubicaci\u00f3n, direcci\u00f3n IP y tipo de navegador: usaremos esto para prop\u00f3sitos como estimar impuestos y costes de env\u00edo<\/li><li>Direcci\u00f3n de env\u00edo: te pediremos que facilites esto para que podamos, por ejemplo, estimar el coste del env\u00edo antes de que hagas un pedido, \u00a1y enviarte el pedido!<\/li><\/ul><p>Tambi\u00e9n usamos cookies para realizar el seguimiento de los contenidos del carrito mientras navegas por nuestro sitio.<\/p><p class=\"privacy-policy-tutorial\">Observaci\u00f3n: puede que quieras detallar tu pol\u00edtica de cookies, y enlazar desde aqu\u00ed a esta secci\u00f3n.<\/p><p>Cuando nos compras algo te pedimos que facilites informaci\u00f3n que incluye tu nombre, direcci\u00f3n de facturaci\u00f3n, direcci\u00f3n de env\u00edo, direcci\u00f3n de correo electr\u00f3nico, n\u00famero de tel\u00e9fono, detalles de la tarjeta de cr\u00e9dito\/pago e informaci\u00f3n adicional opcional como el nombre de usuario y la contrase\u00f1a. Usaremos esta informaci\u00f3n para prop\u00f3sitos como:<\/p><ul><li>Enviarte informaci\u00f3n sobre tu cuenta y pedido<\/li><li>Responder a tus solicitudes, incluidos reembolsos y reclamaciones<\/li><li>Procesar pagos y evitar el fraude<\/li><li>Configurar tu cuenta para nuestra tienda<\/li><li>Cumplir con cualquier obligaci\u00f3n legal que tengamos, como c\u00e1lculos de impuestos<\/li><li>Mejorar las ofertas de nuestra tienda<\/li><li>Enviarte mensajes promocionales, si eliges recibirlos<\/li><\/ul><p>Si creas una cuenta almacenaremos tu nombre, direcci\u00f3n, correo electr\u00f3nico y n\u00famero de tel\u00e9fono, lo que usaremos para el proceso de pago y futuros pedidos.<\/p><p>Normalmente almacenamos informaci\u00f3n sobre ti durante el tiempo que necesitemos la informaci\u00f3n para los prop\u00f3sitos para los que la recopilamos y usamos, y no estemos legalmente obligados a seguir guard\u00e1ndola. Por ejemplo, almacenaremos informaci\u00f3n de los pedidos durante XXX a\u00f1os para prop\u00f3sitos de impuestos y contabilidad. Esto incluye tu nombre, direcci\u00f3n de correo electr\u00f3nico y direcciones de facturaci\u00f3n y env\u00edo.<\/p><p>Tambi\u00e9n almacenamos comentarios o valoraciones, si eliges dejarlos.<\/p><h2>Qui\u00e9n de nuestro equipo tiene acceso<\/h2><p>Los miembros de nuestro equipo tienen acceso a la informaci\u00f3n que nos ofreces. Por ejemplo, los administradores y gestores de tienda pueden acceder:<\/p><ul><li>La informaci\u00f3n de pedidos, como qu\u00e9 se compr\u00f3, cu\u00e1ndo se compr\u00f3 y d\u00f3nde se deber\u00eda enviar, y<\/li><li>La informaci\u00f3n de cliente, como tu nombre, direcci\u00f3n de correo electr\u00f3nico, y la informaci\u00f3n de facturaci\u00f3n y env\u00edo.<\/li><\/ul><p>Los miembros de nuestro equipo tienen acceso a esta informaci\u00f3n para ayudar a completar pedidos, procesar reembolsos y darte soporte.<\/p><h2>Lo que compartimos con otros<\/h2><p class=\"privacy-policy-tutorial\">En esta secci\u00f3n deber\u00edas apuntar con qui\u00e9n est\u00e1s compartiendo datos, y con qu\u00e9 objetivo. Esto podr\u00eda incluir, pero no est\u00e1 solo limitado a ello, an\u00e1lisis, marketing, pasarelas de pago, proveedores de env\u00edo, e incrustados de terceros.<\/p><p>Compartimos informaci\u00f3n con otros, que nos ayudan a ofrecer nuestros pedidos y gestionar servicios para ti; por ejemplo --<\/p><h3>Pagos<\/h3><p class=\"privacy-policy-tutorial\">En esta subsecci\u00f3n deber\u00edas apuntar qu\u00e9 otros procesadores de pago externos est\u00e1s usando para admitir pagos en tu tienda, ya que puede que manejen datos de los clientes. Hemos incluido PayPal como ejemplo, pero deber\u00edas borrarlo si no est\u00e1s usando PayPal.<\/p><p>Aceptamos pagos mediante PayPal. Al procesar pagos algunos de tus datos se pasar\u00e1n a PayPal, incluida la informaci\u00f3n requerida para procesar o dar soporte al pago, tales como el total de la compra y la informaci\u00f3n de facturaci\u00f3n.<\/p><p>Por favor, revisa la <a href=\"https:\/\/www.paypal.com\/es\/webapps\/mpp\/ua\/privacy-full\">pol\u00edtica de privacidad de PayPal<\/a> para m\u00e1s detalles.<\/p><\/div>\";s:5:\"added\";i:1701475803;}","a:3:{s:11:\"plugin_name\";s:15:\"LiteSpeed Cache\";s:11:\"policy_text\";s:892:\"Este sitio utiliza el almacenamiento en la cach\u00e9 para facilitar un tiempo de respuesta m\u00e1s r\u00e1pido y una mejor experiencia de usuario. El almacenamiento en la cach\u00e9, potencialmente, almacena una copia duplicada de cada p\u00e1gina web que se muestra en este sitio. Todos los archivos de la cach\u00e9 son temporales y nunca acceden a ellos terceras partes, salvo cuando necesario para obtener soporte t\u00e9cnico del proveedor del plugin de cach\u00e9. Los archivos de la cach\u00e9 caducan en una programaci\u00f3n establecida por el administrador del sitio, pero pueden ser f\u00e1cilmente purgados por el administrador antes de su caducidad natural, si fuese necesario. Podemos usar los servicios de QUIC.cloud para procesar y almacenar tus datos temporalmente en la cach\u00e9.Por favor, consulta <a href=\"https:\/\/quic.cloud\/privacy-policy\/\" target=\"_blank\">https:\/\/quic.cloud\/privacy-policy\/<\/a> para m\u00e1s detalles.\";s:5:\"added\";i:1701475803;}","a:3:{s:11:\"plugin_name\";s:14:\"Loco Translate\";s:11:\"policy_text\";s:237:\"Este plugin no recoge datos de los visitantes de la parte p\u00fablica de la web.<br \/>Es posible que los administradores o auditores quieran revisar el <a href=\"https:\/\/localise.biz\/wordpress\/plugin\/privacy\">aviso de privacidad<\/a> de Loco.\";s:5:\"added\";i:1701475803;}"]},"jetpack_sharing_enabled":true,"_links":{"self":[{"href":"https:\/\/carmesi.com.py\/index.php?rest_route=\/wp\/v2\/pages\/683"}],"collection":[{"href":"https:\/\/carmesi.com.py\/index.php?rest_route=\/wp\/v2\/pages"}],"about":[{"href":"https:\/\/carmesi.com.py\/index.php?rest_route=\/wp\/v2\/types\/page"}],"author":[{"embeddable":true,"href":"https:\/\/carmesi.com.py\/index.php?rest_route=\/wp\/v2\/users\/1"}],"replies":[{"embeddable":true,"href":"https:\/\/carmesi.com.py\/index.php?rest_route=%2Fwp%2Fv2%2Fcomments&post=683"}],"version-history":[{"count":2,"href":"https:\/\/carmesi.com.py\/index.php?rest_route=\/wp\/v2\/pages\/683\/revisions"}],"predecessor-version":[{"id":2012,"href":"https:\/\/carmesi.com.py\/index.php?rest_route=\/wp\/v2\/pages\/683\/revisions\/2012"}],"wp:attachment":[{"href":"https:\/\/carmesi.com.py\/index.php?rest_route=%2Fwp%2Fv2%2Fmedia&parent=683"}],"curies":[{"name":"wp","href":"https:\/\/api.w.org\/{rel}","templated":true}]}}